{"id":4641,"date":"2025-05-28T13:23:23","date_gmt":"2025-05-28T11:23:23","guid":{"rendered":"https:\/\/sport2000.wp.factory.blim-dev.com\/ueber-uns\/compliance\/"},"modified":"2025-06-16T10:56:44","modified_gmt":"2025-06-16T08:56:44","slug":"compliance","status":"publish","type":"page","link":"https:\/\/www.sport2000international.com\/de\/ueber-uns\/compliance\/","title":{"rendered":"Compliance"},"content":{"rendered":"","protected":false},"excerpt":{"rendered":"","protected":false},"author":1,"featured_media":0,"parent":739,"menu_order":0,"comment_status":"closed","ping_status":"closed","template":"","meta":{"_acf_changed":false,"footnotes":""},"class_list":["post-4641","page","type-page","status-publish","hentry"],"acf":{"contents":[{"acf_fc_layout":"page_header","headline":"Compliance","subline":"Vertrauen und Transparenz","place_special_wallpaper":false,"special_wallpaper":null,"headline_stroke_width":"medium"},{"acf_fc_layout":"campaign_content","text":"Die SPORT 2000 International GmbH ist erfolgreich im Handels- und Kooperationsgesch\u00e4ft aktiv. Dieser Erfolg basiert auf der Leistungsf\u00e4higkeit unserer Mitarbeiterinnen und Mitarbeiter, der Qualit\u00e4t unserer Abl\u00e4ufe, auf Vertrauen sowie auf die Einhaltung interner und externer Anforderungen.\r\n\r\nCompliance umfasst dabei nicht nur das Einhalten der vom Gesetzgeber vorgegebenen rechtlichen Normen, wie Einhaltung des Datenschutzes oder des Kartellrechts, sondern vor allem auch das Leben von \u201einneren Werten\u201c, das hei\u00dft von selbst gesetzten Normen. Dazu geh\u00f6rt zum Beispiel das Vermeiden von Interessenkonflikten oder eine ethisch korrekte Zusammenarbeit mit unseren Gesch\u00e4ftspartnern.\r\n\r\nNeben dem Transparenz- und Vertrauensaspekt zielt Compliance auch darauf, messbaren Schaden infolge Nichteinhaltung gesetzlicher Normen (wie Bu\u00dfgeld oder Umsatzabsch\u00f6pfungen), aber auch immateriellen Schaden (wie Image- oder Rufsch\u00e4digung) vom Unternehmen fernzuhalten.\r\n\r\nF\u00fcr die generelle Notwendigkeit von Compliance bestehen in Deutschland unterschiedliche rechtliche Normen, unter anderem \u00a7\u00a7 91.2 und 93 AktG, \u00a7 34.1 GenG, \u00a7 43 HGB und \u00a7 130 OWiG. Dar\u00fcber hinaus gibt es zahlreiche Spezialgesetze (zum Beispiel zum Arbeits- oder Kartellrecht) sowie freiwillige Vorgaben wie beispielsweise den \u201eCorporate Governance Kodex f\u00fcr Genossenschaften\u201c. Letztlich m\u00fcndet dies alles in der allgemeinen Sorgfalts- und Legalit\u00e4tspflicht der Gesch\u00e4ftsf\u00fchrung.\r\n\r\nDer Compliance-Beauftragte der SPORT 2000 International GmbH ist zu erreichen \u00fcber die E-Mail-Adresse \r\n<a style=\"color: #d2091e;text-decoration: underline;\" href=\"mailto:Compliance@anwr-group.com\">Compliance@anwr-group.com<\/a>\r\n\r\n<p style=\"color:#fff;\"><b>Wesentliche Bestandteile des SPORT 2000 International Compliance-Management-Systems, das regelm\u00e4\u00dfig interner und externer Pr\u00fcfung unterzogen wird (zuletzt 2023 einer externen Wirksamkeitspr\u00fcfung nach IDW PS 980 n.F.), sind<\/b><\/p>\r\n<ul><li style=\"color:#fff;\">Code of Conduct<br><a href=\"\/wp-content\/downloads\/SP2KI_Code_of_Conduct-DE.pdf\" class=\"extern-link-container\" target=\"_blank\" rel=\"noopener noreferrer\"> <svg style=\"margin-right: 15px;\" xmlns=\"http:\/\/www.w3.org\/2000\/svg\" width=\"24.568\" height=\"24.568\" viewBox=\"0 0 24.568 24.568\"><path id=\"download_24dp_1F1F1F_FILL0_wght100_GRAD0_opsz24\" d=\"M224.284-729.39l-5.684-5.684.917-.917,4.125,4.125V-748h1.283v16.134l4.125-4.125.917.917Zm-9.534,5.959a2.671,2.671,0,0,1-1.971-.779,2.671,2.671,0,0,1-.779-1.971v-4.125h1.283v4.125a1.4,1.4,0,0,0,.458,1.008,1.4,1.4,0,0,0,1.008.458h19.068a1.4,1.4,0,0,0,1.008-.458,1.4,1.4,0,0,0,.458-1.008v-4.125h1.283v4.125a2.671,2.671,0,0,1-.779,1.971,2.671,2.671,0,0,1-1.971.779Z\" transform=\"translate(-212 748)\" fill=\"#fff\" \/><\/svg><span class=\"link-text\" style=\"color: #d2091e;text-decoration: underline;\">deutsche Version (PDF, 2,9MB)<\/span> <\/a><a href=\"\/wp-content\/downloads\/SP2KI_Code_of_Conduct_ENG.pdf\" class=\"extern-link-container\" target=\"_blank\" rel=\"noopener noreferrer\"><br><svg style=\"margin-right: 15px;\" xmlns=\"http:\/\/www.w3.org\/2000\/svg\" width=\"24.568\" height=\"24.568\" viewBox=\"0 0 24.568 24.568\"><path id=\"download_24dp_1F1F1F_FILL0_wght100_GRAD0_opsz24\" d=\"M224.284-729.39l-5.684-5.684.917-.917,4.125,4.125V-748h1.283v16.134l4.125-4.125.917.917Zm-9.534,5.959a2.671,2.671,0,0,1-1.971-.779,2.671,2.671,0,0,1-.779-1.971v-4.125h1.283v4.125a1.4,1.4,0,0,0,.458,1.008,1.4,1.4,0,0,0,1.008.458h19.068a1.4,1.4,0,0,0,1.008-.458,1.4,1.4,0,0,0,.458-1.008v-4.125h1.283v4.125a2.671,2.671,0,0,1-.779,1.971,2.671,2.671,0,0,1-1.971.779Z\" transform=\"translate(-212 748)\" fill=\"#fff\" \/><\/svg><span class=\"link-text\" style=\"color: #d2091e;text-decoration: underline;\">englische Version (PDF, 3,5MB)<\/span> <\/a><\/li><li style=\"color:#fff;\">Compliance-Richtlinie<\/li><li style=\"color:#fff;\">Kartellrechts- und Wettbewerbsrechts-Richtlinien<\/li><li style=\"color:#fff;\">Arbeitsanweisung \u201eZuwendungen\u201c<\/li><li style=\"color:#fff;\">Link zum Hinweisgebersystem Integrity Line <a href=\"https:\/\/anwrgroup.integrityline.app\/\" class=\" extern-link-container\" target=\"_blank\" rel=\"noopener noreferrer\"> <span class=\"icon-font-moon icon-font-moon-globe\"><\/span> <span class=\"link-text\" style=\"color: #d2091e;text-decoration: underline;\">Integrity Line<\/span> <\/a><\/li><\/ul>"}]},"yoast_head":"<!-- This site is optimized with the Yoast SEO plugin v25.0 - https:\/\/yoast.com\/wordpress\/plugins\/seo\/ -->\n<title>Compliance - sport2000<\/title>\n<meta name=\"robots\" content=\"index, follow, max-snippet:-1, max-image-preview:large, max-video-preview:-1\" \/>\n<link rel=\"canonical\" href=\"https:\/\/www.sport2000international.com\/de\/ueber-uns\/compliance\/\" \/>\n<meta property=\"og:locale\" content=\"de_DE\" \/>\n<meta property=\"og:type\" content=\"article\" \/>\n<meta property=\"og:title\" content=\"Compliance - sport2000\" \/>\n<meta property=\"og:url\" content=\"https:\/\/www.sport2000international.com\/de\/ueber-uns\/compliance\/\" \/>\n<meta property=\"og:site_name\" content=\"sport2000\" \/>\n<meta property=\"article:modified_time\" content=\"2025-06-16T08:56:44+00:00\" \/>\n<meta name=\"twitter:card\" content=\"summary_large_image\" \/>\n<script type=\"application\/ld+json\" class=\"yoast-schema-graph\">{\"@context\":\"https:\/\/schema.org\",\"@graph\":[{\"@type\":\"WebPage\",\"@id\":\"https:\/\/www.sport2000international.com\/de\/ueber-uns\/compliance\/\",\"url\":\"https:\/\/www.sport2000international.com\/de\/ueber-uns\/compliance\/\",\"name\":\"Compliance - sport2000\",\"isPartOf\":{\"@id\":\"https:\/\/www.sport2000international.com\/de\/#website\"},\"datePublished\":\"2025-05-28T11:23:23+00:00\",\"dateModified\":\"2025-06-16T08:56:44+00:00\",\"breadcrumb\":{\"@id\":\"https:\/\/www.sport2000international.com\/de\/ueber-uns\/compliance\/#breadcrumb\"},\"inLanguage\":\"de-DE\",\"potentialAction\":[{\"@type\":\"ReadAction\",\"target\":[\"https:\/\/www.sport2000international.com\/de\/ueber-uns\/compliance\/\"]}]},{\"@type\":\"BreadcrumbList\",\"@id\":\"https:\/\/www.sport2000international.com\/de\/ueber-uns\/compliance\/#breadcrumb\",\"itemListElement\":[{\"@type\":\"ListItem\",\"position\":1,\"name\":\"Home\",\"item\":\"https:\/\/www.sport2000international.com\/de\/\"},{\"@type\":\"ListItem\",\"position\":2,\"name\":\"\u00dcber uns\",\"item\":\"https:\/\/www.sport2000international.com\/de\/ueber-uns\/\"},{\"@type\":\"ListItem\",\"position\":3,\"name\":\"Compliance\"}]},{\"@type\":\"WebSite\",\"@id\":\"https:\/\/www.sport2000international.com\/de\/#website\",\"url\":\"https:\/\/www.sport2000international.com\/de\/\",\"name\":\"sport2000\",\"description\":\"SiteClaim\",\"potentialAction\":[{\"@type\":\"SearchAction\",\"target\":{\"@type\":\"EntryPoint\",\"urlTemplate\":\"https:\/\/www.sport2000international.com\/de\/?s={search_term_string}\"},\"query-input\":{\"@type\":\"PropertyValueSpecification\",\"valueRequired\":true,\"valueName\":\"search_term_string\"}}],\"inLanguage\":\"de-DE\"}]}<\/script>\n<!-- \/ Yoast SEO plugin. -->","yoast_head_json":{"title":"Compliance - sport2000","robots":{"index":"index","follow":"follow","max-snippet":"max-snippet:-1","max-image-preview":"max-image-preview:large","max-video-preview":"max-video-preview:-1"},"canonical":"https:\/\/www.sport2000international.com\/de\/ueber-uns\/compliance\/","og_locale":"de_DE","og_type":"article","og_title":"Compliance - sport2000","og_url":"https:\/\/www.sport2000international.com\/de\/ueber-uns\/compliance\/","og_site_name":"sport2000","article_modified_time":"2025-06-16T08:56:44+00:00","twitter_card":"summary_large_image","schema":{"@context":"https:\/\/schema.org","@graph":[{"@type":"WebPage","@id":"https:\/\/www.sport2000international.com\/de\/ueber-uns\/compliance\/","url":"https:\/\/www.sport2000international.com\/de\/ueber-uns\/compliance\/","name":"Compliance - sport2000","isPartOf":{"@id":"https:\/\/www.sport2000international.com\/de\/#website"},"datePublished":"2025-05-28T11:23:23+00:00","dateModified":"2025-06-16T08:56:44+00:00","breadcrumb":{"@id":"https:\/\/www.sport2000international.com\/de\/ueber-uns\/compliance\/#breadcrumb"},"inLanguage":"de-DE","potentialAction":[{"@type":"ReadAction","target":["https:\/\/www.sport2000international.com\/de\/ueber-uns\/compliance\/"]}]},{"@type":"BreadcrumbList","@id":"https:\/\/www.sport2000international.com\/de\/ueber-uns\/compliance\/#breadcrumb","itemListElement":[{"@type":"ListItem","position":1,"name":"Home","item":"https:\/\/www.sport2000international.com\/de\/"},{"@type":"ListItem","position":2,"name":"\u00dcber uns","item":"https:\/\/www.sport2000international.com\/de\/ueber-uns\/"},{"@type":"ListItem","position":3,"name":"Compliance"}]},{"@type":"WebSite","@id":"https:\/\/www.sport2000international.com\/de\/#website","url":"https:\/\/www.sport2000international.com\/de\/","name":"sport2000","description":"SiteClaim","potentialAction":[{"@type":"SearchAction","target":{"@type":"EntryPoint","urlTemplate":"https:\/\/www.sport2000international.com\/de\/?s={search_term_string}"},"query-input":{"@type":"PropertyValueSpecification","valueRequired":true,"valueName":"search_term_string"}}],"inLanguage":"de-DE"}]}},"_links":{"self":[{"href":"https:\/\/www.sport2000international.com\/de\/wp-json\/wp\/v2\/pages\/4641","targetHints":{"allow":["GET"]}}],"collection":[{"href":"https:\/\/www.sport2000international.com\/de\/wp-json\/wp\/v2\/pages"}],"about":[{"href":"https:\/\/www.sport2000international.com\/de\/wp-json\/wp\/v2\/types\/page"}],"author":[{"embeddable":true,"href":"https:\/\/www.sport2000international.com\/de\/wp-json\/wp\/v2\/users\/1"}],"replies":[{"embeddable":true,"href":"https:\/\/www.sport2000international.com\/de\/wp-json\/wp\/v2\/comments?post=4641"}],"version-history":[{"count":5,"href":"https:\/\/www.sport2000international.com\/de\/wp-json\/wp\/v2\/pages\/4641\/revisions"}],"predecessor-version":[{"id":4816,"href":"https:\/\/www.sport2000international.com\/de\/wp-json\/wp\/v2\/pages\/4641\/revisions\/4816"}],"up":[{"embeddable":true,"href":"https:\/\/www.sport2000international.com\/de\/wp-json\/wp\/v2\/pages\/739"}],"wp:attachment":[{"href":"https:\/\/www.sport2000international.com\/de\/wp-json\/wp\/v2\/media?parent=4641"}],"curies":[{"name":"wp","href":"https:\/\/api.w.org\/{rel}","templated":true}]}}