{"id":4727,"date":"2025-06-02T09:23:14","date_gmt":"2025-06-02T07:23:14","guid":{"rendered":"https:\/\/sport2000.wp.factory.blim-dev.com\/?page_id=4727"},"modified":"2025-06-02T15:41:36","modified_gmt":"2025-06-02T13:41:36","slug":"sport-2000-we-know-sport","status":"publish","type":"page","link":"https:\/\/www.sport2000international.com\/de\/kampagnen\/sport-2000-we-know-sport\/","title":{"rendered":"Sport 2000 &#8211; We Know Sport"},"content":{"rendered":"","protected":false},"excerpt":{"rendered":"","protected":false},"author":1,"featured_media":0,"parent":764,"menu_order":0,"comment_status":"closed","ping_status":"closed","template":"","meta":{"_acf_changed":false,"footnotes":""},"class_list":["post-4727","page","type-page","status-publish","hentry"],"acf":{"contents":[{"acf_fc_layout":"page_header","headline":"SPORT 2000","subline":"We Know Sport","place_special_wallpaper":false,"special_wallpaper":null,"headline_stroke_width":"medium"},{"acf_fc_layout":"campaign_backlink"},{"acf_fc_layout":"campaign_infoline","headlineclaim":"SPORT 2000","subline":"We Know Sport"},{"acf_fc_layout":"campaign_slider","slider_elements":[{"thumbnail":4731,"full-size":4731},{"thumbnail":4734,"full-size":4734},{"thumbnail":4737,"full-size":4737},{"thumbnail":4740,"full-size":4740}]},{"acf_fc_layout":"campaign_content","text":"Wir stellen vor: WE KNOWSPORT - eine Feier unserer Expertise und Leidenschaft f\u00fcr alle Dinge des Sports.\r\nDiese Kampagne existiert, weil wir von SPORT2000 uns nicht nur mit der Welt des Sports besch\u00e4ftigen - wir kennen sie in- und auswendig.\r\nWir sind das Home Of Experts, ausgestattet mit dem Wissen, der Erfahrung und dem Engagement, Euch zu helfen, Euren H\u00f6hepunkt zu erreichen.\r\nVon der Ausr\u00fcstung, die Ihr ben\u00f6tigt, bis hin zu den Zielen, die Ihr Euch setzt, wissen wir, was braucht, um Euch ans Ziel zu bringen.\r\nDas tiefe Verst\u00e4ndnis unseres Teams f\u00fcr den Sport ist die Grundlage f\u00fcr alles, was wir tun, um sicherzustellen, dass Ihr genau das habt, was Ihr braucht, um in Eurem Sport erfolgreich zu sein.\r\nWE KNOWSPORT weil wir ihn leben und atmen - jeden Tag."},{"acf_fc_layout":"content_videobox","headline":"SPORT 2000","subline":"We Know Sport","subline_2":"","video_url":"https:\/\/player.vimeo.com\/video\/1089705296?h=01f44cfd4a&amp;badge=0&amp;autopause=0&amp;player_id=0&amp;app_id=58479"},{"acf_fc_layout":"campaign_navigation"}]},"yoast_head":"<!-- This site is optimized with the Yoast SEO plugin v25.0 - https:\/\/yoast.com\/wordpress\/plugins\/seo\/ -->\n<title>Sport 2000 - We Know Sport - sport2000<\/title>\n<meta name=\"robots\" content=\"index, follow, max-snippet:-1, max-image-preview:large, max-video-preview:-1\" \/>\n<link rel=\"canonical\" href=\"https:\/\/www.sport2000international.com\/de\/kampagnen\/sport-2000-we-know-sport\/\" \/>\n<meta property=\"og:locale\" content=\"de_DE\" \/>\n<meta property=\"og:type\" content=\"article\" \/>\n<meta property=\"og:title\" content=\"Sport 2000 - We Know Sport - sport2000\" \/>\n<meta property=\"og:url\" content=\"https:\/\/www.sport2000international.com\/de\/kampagnen\/sport-2000-we-know-sport\/\" \/>\n<meta property=\"og:site_name\" content=\"sport2000\" \/>\n<meta property=\"article:modified_time\" content=\"2025-06-02T13:41:36+00:00\" \/>\n<meta name=\"twitter:card\" content=\"summary_large_image\" \/>\n<script type=\"application\/ld+json\" class=\"yoast-schema-graph\">{\"@context\":\"https:\/\/schema.org\",\"@graph\":[{\"@type\":\"WebPage\",\"@id\":\"https:\/\/www.sport2000international.com\/de\/kampagnen\/sport-2000-we-know-sport\/\",\"url\":\"https:\/\/www.sport2000international.com\/de\/kampagnen\/sport-2000-we-know-sport\/\",\"name\":\"Sport 2000 - We Know Sport - sport2000\",\"isPartOf\":{\"@id\":\"https:\/\/www.sport2000international.com\/de\/#website\"},\"datePublished\":\"2025-06-02T07:23:14+00:00\",\"dateModified\":\"2025-06-02T13:41:36+00:00\",\"breadcrumb\":{\"@id\":\"https:\/\/www.sport2000international.com\/de\/kampagnen\/sport-2000-we-know-sport\/#breadcrumb\"},\"inLanguage\":\"de-DE\",\"potentialAction\":[{\"@type\":\"ReadAction\",\"target\":[\"https:\/\/www.sport2000international.com\/de\/kampagnen\/sport-2000-we-know-sport\/\"]}]},{\"@type\":\"BreadcrumbList\",\"@id\":\"https:\/\/www.sport2000international.com\/de\/kampagnen\/sport-2000-we-know-sport\/#breadcrumb\",\"itemListElement\":[{\"@type\":\"ListItem\",\"position\":1,\"name\":\"Home\",\"item\":\"https:\/\/www.sport2000international.com\/de\/\"},{\"@type\":\"ListItem\",\"position\":2,\"name\":\"Kampagnen\",\"item\":\"https:\/\/www.sport2000international.com\/de\/kampagnen\/\"},{\"@type\":\"ListItem\",\"position\":3,\"name\":\"Sport 2000 &#8211; We Know Sport\"}]},{\"@type\":\"WebSite\",\"@id\":\"https:\/\/www.sport2000international.com\/de\/#website\",\"url\":\"https:\/\/www.sport2000international.com\/de\/\",\"name\":\"sport2000\",\"description\":\"SiteClaim\",\"potentialAction\":[{\"@type\":\"SearchAction\",\"target\":{\"@type\":\"EntryPoint\",\"urlTemplate\":\"https:\/\/www.sport2000international.com\/de\/?s={search_term_string}\"},\"query-input\":{\"@type\":\"PropertyValueSpecification\",\"valueRequired\":true,\"valueName\":\"search_term_string\"}}],\"inLanguage\":\"de-DE\"}]}<\/script>\n<!-- \/ Yoast SEO plugin. -->","yoast_head_json":{"title":"Sport 2000 - We Know Sport - sport2000","robots":{"index":"index","follow":"follow","max-snippet":"max-snippet:-1","max-image-preview":"max-image-preview:large","max-video-preview":"max-video-preview:-1"},"canonical":"https:\/\/www.sport2000international.com\/de\/kampagnen\/sport-2000-we-know-sport\/","og_locale":"de_DE","og_type":"article","og_title":"Sport 2000 - We Know Sport - sport2000","og_url":"https:\/\/www.sport2000international.com\/de\/kampagnen\/sport-2000-we-know-sport\/","og_site_name":"sport2000","article_modified_time":"2025-06-02T13:41:36+00:00","twitter_card":"summary_large_image","schema":{"@context":"https:\/\/schema.org","@graph":[{"@type":"WebPage","@id":"https:\/\/www.sport2000international.com\/de\/kampagnen\/sport-2000-we-know-sport\/","url":"https:\/\/www.sport2000international.com\/de\/kampagnen\/sport-2000-we-know-sport\/","name":"Sport 2000 - We Know Sport - sport2000","isPartOf":{"@id":"https:\/\/www.sport2000international.com\/de\/#website"},"datePublished":"2025-06-02T07:23:14+00:00","dateModified":"2025-06-02T13:41:36+00:00","breadcrumb":{"@id":"https:\/\/www.sport2000international.com\/de\/kampagnen\/sport-2000-we-know-sport\/#breadcrumb"},"inLanguage":"de-DE","potentialAction":[{"@type":"ReadAction","target":["https:\/\/www.sport2000international.com\/de\/kampagnen\/sport-2000-we-know-sport\/"]}]},{"@type":"BreadcrumbList","@id":"https:\/\/www.sport2000international.com\/de\/kampagnen\/sport-2000-we-know-sport\/#breadcrumb","itemListElement":[{"@type":"ListItem","position":1,"name":"Home","item":"https:\/\/www.sport2000international.com\/de\/"},{"@type":"ListItem","position":2,"name":"Kampagnen","item":"https:\/\/www.sport2000international.com\/de\/kampagnen\/"},{"@type":"ListItem","position":3,"name":"Sport 2000 &#8211; We Know Sport"}]},{"@type":"WebSite","@id":"https:\/\/www.sport2000international.com\/de\/#website","url":"https:\/\/www.sport2000international.com\/de\/","name":"sport2000","description":"SiteClaim","potentialAction":[{"@type":"SearchAction","target":{"@type":"EntryPoint","urlTemplate":"https:\/\/www.sport2000international.com\/de\/?s={search_term_string}"},"query-input":{"@type":"PropertyValueSpecification","valueRequired":true,"valueName":"search_term_string"}}],"inLanguage":"de-DE"}]}},"_links":{"self":[{"href":"https:\/\/www.sport2000international.com\/de\/wp-json\/wp\/v2\/pages\/4727","targetHints":{"allow":["GET"]}}],"collection":[{"href":"https:\/\/www.sport2000international.com\/de\/wp-json\/wp\/v2\/pages"}],"about":[{"href":"https:\/\/www.sport2000international.com\/de\/wp-json\/wp\/v2\/types\/page"}],"author":[{"embeddable":true,"href":"https:\/\/www.sport2000international.com\/de\/wp-json\/wp\/v2\/users\/1"}],"replies":[{"embeddable":true,"href":"https:\/\/www.sport2000international.com\/de\/wp-json\/wp\/v2\/comments?post=4727"}],"version-history":[{"count":2,"href":"https:\/\/www.sport2000international.com\/de\/wp-json\/wp\/v2\/pages\/4727\/revisions"}],"predecessor-version":[{"id":4784,"href":"https:\/\/www.sport2000international.com\/de\/wp-json\/wp\/v2\/pages\/4727\/revisions\/4784"}],"up":[{"embeddable":true,"href":"https:\/\/www.sport2000international.com\/de\/wp-json\/wp\/v2\/pages\/764"}],"wp:attachment":[{"href":"https:\/\/www.sport2000international.com\/de\/wp-json\/wp\/v2\/media?parent=4727"}],"curies":[{"name":"wp","href":"https:\/\/api.w.org\/{rel}","templated":true}]}}