{"id":3586,"date":"2024-05-14T10:35:45","date_gmt":"2024-05-14T08:35:45","guid":{"rendered":"https:\/\/sport2000.wp.factory.blim-dev.com\/?page_id=3586"},"modified":"2024-05-21T08:18:43","modified_gmt":"2024-05-21T06:18:43","slug":"sport-2000","status":"publish","type":"page","link":"https:\/\/www.sport2000international.com\/fr\/campagnes\/sport-2000\/","title":{"rendered":"Sport 2000"},"content":{"rendered":"","protected":false},"excerpt":{"rendered":"","protected":false},"author":2,"featured_media":0,"parent":3563,"menu_order":0,"comment_status":"closed","ping_status":"closed","template":"","meta":{"_acf_changed":false,"footnotes":""},"class_list":["post-3586","page","type-page","status-publish","hentry"],"acf":{"contents":[{"acf_fc_layout":"page_header","headline":"SPORT 2000","subline":"Made for this","place_special_wallpaper":false,"special_wallpaper":null,"headline_stroke_width":"medium"},{"acf_fc_layout":"campaign_backlink"},{"acf_fc_layout":"campaign_infoline","headlineclaim":"SPORT 2000","subline":"Made for this"},{"acf_fc_layout":"campaign_slider","slider_elements":[{"thumbnail":3089,"full-size":3141},{"thumbnail":3090,"full-size":3142},{"thumbnail":3091,"full-size":3143},{"thumbnail":3092,"full-size":3144},{"thumbnail":3088,"full-size":3145},{"thumbnail":3100,"full-size":3146},{"thumbnail":3087,"full-size":3147}]},{"acf_fc_layout":"campaign_headline","icon":3105,"headlineclaim":"SPORT 2000","subline":"Made for this"},{"acf_fc_layout":"campaign_content","text":"La derni\u00e8re campagne \u00ab Made For This \u00bb a \u00e9t\u00e9 lanc\u00e9e en novembre 2019."},{"acf_fc_layout":"campaign_navigation"}]},"yoast_head":"<!-- This site is optimized with the Yoast SEO plugin v25.0 - https:\/\/yoast.com\/wordpress\/plugins\/seo\/ -->\n<title>Sport 2000 - sport2000<\/title>\n<meta name=\"robots\" content=\"index, follow, max-snippet:-1, max-image-preview:large, max-video-preview:-1\" \/>\n<link rel=\"canonical\" href=\"https:\/\/www.sport2000international.com\/fr\/campagnes\/sport-2000\/\" \/>\n<meta property=\"og:locale\" content=\"fr_FR\" \/>\n<meta property=\"og:type\" content=\"article\" \/>\n<meta property=\"og:title\" content=\"Sport 2000 - sport2000\" \/>\n<meta property=\"og:url\" content=\"https:\/\/www.sport2000international.com\/fr\/campagnes\/sport-2000\/\" \/>\n<meta property=\"og:site_name\" content=\"sport2000\" \/>\n<meta property=\"article:modified_time\" content=\"2024-05-21T06:18:43+00:00\" \/>\n<meta name=\"twitter:card\" content=\"summary_large_image\" \/>\n<script type=\"application\/ld+json\" class=\"yoast-schema-graph\">{\"@context\":\"https:\/\/schema.org\",\"@graph\":[{\"@type\":\"WebPage\",\"@id\":\"https:\/\/www.sport2000international.com\/fr\/campagnes\/sport-2000\/\",\"url\":\"https:\/\/www.sport2000international.com\/fr\/campagnes\/sport-2000\/\",\"name\":\"Sport 2000 - sport2000\",\"isPartOf\":{\"@id\":\"https:\/\/www.sport2000international.com\/fr\/#website\"},\"datePublished\":\"2024-05-14T08:35:45+00:00\",\"dateModified\":\"2024-05-21T06:18:43+00:00\",\"breadcrumb\":{\"@id\":\"https:\/\/www.sport2000international.com\/fr\/campagnes\/sport-2000\/#breadcrumb\"},\"inLanguage\":\"fr-FR\",\"potentialAction\":[{\"@type\":\"ReadAction\",\"target\":[\"https:\/\/www.sport2000international.com\/fr\/campagnes\/sport-2000\/\"]}]},{\"@type\":\"BreadcrumbList\",\"@id\":\"https:\/\/www.sport2000international.com\/fr\/campagnes\/sport-2000\/#breadcrumb\",\"itemListElement\":[{\"@type\":\"ListItem\",\"position\":1,\"name\":\"Home\",\"item\":\"https:\/\/www.sport2000international.com\/fr\/\"},{\"@type\":\"ListItem\",\"position\":2,\"name\":\"Campagnes\",\"item\":\"https:\/\/www.sport2000international.com\/fr\/campagnes\/\"},{\"@type\":\"ListItem\",\"position\":3,\"name\":\"Sport 2000\"}]},{\"@type\":\"WebSite\",\"@id\":\"https:\/\/www.sport2000international.com\/fr\/#website\",\"url\":\"https:\/\/www.sport2000international.com\/fr\/\",\"name\":\"sport2000\",\"description\":\"SiteClaim\",\"potentialAction\":[{\"@type\":\"SearchAction\",\"target\":{\"@type\":\"EntryPoint\",\"urlTemplate\":\"https:\/\/www.sport2000international.com\/fr\/?s={search_term_string}\"},\"query-input\":{\"@type\":\"PropertyValueSpecification\",\"valueRequired\":true,\"valueName\":\"search_term_string\"}}],\"inLanguage\":\"fr-FR\"}]}<\/script>\n<!-- \/ Yoast SEO plugin. -->","yoast_head_json":{"title":"Sport 2000 - sport2000","robots":{"index":"index","follow":"follow","max-snippet":"max-snippet:-1","max-image-preview":"max-image-preview:large","max-video-preview":"max-video-preview:-1"},"canonical":"https:\/\/www.sport2000international.com\/fr\/campagnes\/sport-2000\/","og_locale":"fr_FR","og_type":"article","og_title":"Sport 2000 - sport2000","og_url":"https:\/\/www.sport2000international.com\/fr\/campagnes\/sport-2000\/","og_site_name":"sport2000","article_modified_time":"2024-05-21T06:18:43+00:00","twitter_card":"summary_large_image","schema":{"@context":"https:\/\/schema.org","@graph":[{"@type":"WebPage","@id":"https:\/\/www.sport2000international.com\/fr\/campagnes\/sport-2000\/","url":"https:\/\/www.sport2000international.com\/fr\/campagnes\/sport-2000\/","name":"Sport 2000 - sport2000","isPartOf":{"@id":"https:\/\/www.sport2000international.com\/fr\/#website"},"datePublished":"2024-05-14T08:35:45+00:00","dateModified":"2024-05-21T06:18:43+00:00","breadcrumb":{"@id":"https:\/\/www.sport2000international.com\/fr\/campagnes\/sport-2000\/#breadcrumb"},"inLanguage":"fr-FR","potentialAction":[{"@type":"ReadAction","target":["https:\/\/www.sport2000international.com\/fr\/campagnes\/sport-2000\/"]}]},{"@type":"BreadcrumbList","@id":"https:\/\/www.sport2000international.com\/fr\/campagnes\/sport-2000\/#breadcrumb","itemListElement":[{"@type":"ListItem","position":1,"name":"Home","item":"https:\/\/www.sport2000international.com\/fr\/"},{"@type":"ListItem","position":2,"name":"Campagnes","item":"https:\/\/www.sport2000international.com\/fr\/campagnes\/"},{"@type":"ListItem","position":3,"name":"Sport 2000"}]},{"@type":"WebSite","@id":"https:\/\/www.sport2000international.com\/fr\/#website","url":"https:\/\/www.sport2000international.com\/fr\/","name":"sport2000","description":"SiteClaim","potentialAction":[{"@type":"SearchAction","target":{"@type":"EntryPoint","urlTemplate":"https:\/\/www.sport2000international.com\/fr\/?s={search_term_string}"},"query-input":{"@type":"PropertyValueSpecification","valueRequired":true,"valueName":"search_term_string"}}],"inLanguage":"fr-FR"}]}},"_links":{"self":[{"href":"https:\/\/www.sport2000international.com\/fr\/wp-json\/wp\/v2\/pages\/3586","targetHints":{"allow":["GET"]}}],"collection":[{"href":"https:\/\/www.sport2000international.com\/fr\/wp-json\/wp\/v2\/pages"}],"about":[{"href":"https:\/\/www.sport2000international.com\/fr\/wp-json\/wp\/v2\/types\/page"}],"author":[{"embeddable":true,"href":"https:\/\/www.sport2000international.com\/fr\/wp-json\/wp\/v2\/users\/2"}],"replies":[{"embeddable":true,"href":"https:\/\/www.sport2000international.com\/fr\/wp-json\/wp\/v2\/comments?post=3586"}],"version-history":[{"count":1,"href":"https:\/\/www.sport2000international.com\/fr\/wp-json\/wp\/v2\/pages\/3586\/revisions"}],"predecessor-version":[{"id":3587,"href":"https:\/\/www.sport2000international.com\/fr\/wp-json\/wp\/v2\/pages\/3586\/revisions\/3587"}],"up":[{"embeddable":true,"href":"https:\/\/www.sport2000international.com\/fr\/wp-json\/wp\/v2\/pages\/3563"}],"wp:attachment":[{"href":"https:\/\/www.sport2000international.com\/fr\/wp-json\/wp\/v2\/media?parent=3586"}],"curies":[{"name":"wp","href":"https:\/\/api.w.org\/{rel}","templated":true}]}}