{"id":4640,"date":"2025-05-28T13:22:56","date_gmt":"2025-05-28T11:22:56","guid":{"rendered":"https:\/\/sport2000.wp.factory.blim-dev.com\/a-propos-de-nous\/conformite\/"},"modified":"2025-06-16T10:57:40","modified_gmt":"2025-06-16T08:57:40","slug":"conformite","status":"publish","type":"page","link":"https:\/\/www.sport2000international.com\/fr\/a-propos-de-nous\/conformite\/","title":{"rendered":"Conformit\u00e9"},"content":{"rendered":"","protected":false},"excerpt":{"rendered":"","protected":false},"author":1,"featured_media":0,"parent":3576,"menu_order":0,"comment_status":"closed","ping_status":"closed","template":"","meta":{"_acf_changed":false,"footnotes":""},"class_list":["post-4640","page","type-page","status-publish","hentry"],"acf":{"contents":[{"acf_fc_layout":"page_header","headline":"Compliance","subline":"Trust and transparency","place_special_wallpaper":false,"special_wallpaper":null,"headline_stroke_width":"medium"},{"acf_fc_layout":"campaign_content","text":"SPORT 2000 International GmbH est une entreprise prosp\u00e8re dans le domaine de la vente au d\u00e9tail et de la coop\u00e9ration. Ce succ\u00e8s repose sur les performances de nos collaborateurs, la qualit\u00e9 de nos processus, la confiance et le respect des exigences internes et externes.\r\n\r\nLa conformit\u00e9 ne se limite pas au respect des normes l\u00e9gales prescrites par le l\u00e9gislateur, telles que la protection des donn\u00e9es ou le droit de la concurrence, mais consiste avant tout \u00e0 respecter les \u00ab valeurs internes \u00bb, c'est-\u00e0-dire les normes que nous nous imposons \u00e0 nous-m\u00eames. Cela inclut, par exemple, le fait d'\u00e9viter les conflits d'int\u00e9r\u00eats ou de travailler avec nos partenaires commerciaux d'une mani\u00e8re \u00e9thiquement correcte.\r\n\r\nOutre l'aspect de transparence et de confiance, la conformit\u00e9 vise \u00e9galement \u00e0 pr\u00e9venir les dommages mesurables caus\u00e9s \u00e0 l'entreprise par le non-respect des normes l\u00e9gales (tels que les amendes ou les taxes sur les ventes) ainsi que les dommages immat\u00e9riels (tels que les atteintes \u00e0 l'image ou \u00e0 la r\u00e9putation).\r\n\r\nIl existe en Allemagne diverses normes juridiques relatives \u00e0 la n\u00e9cessit\u00e9 g\u00e9n\u00e9rale de la conformit\u00e9, notamment les articles 91.2 et 93 de la loi sur les soci\u00e9t\u00e9s anonymes (AktG), l'article 34.1 de la loi sur les soci\u00e9t\u00e9s coop\u00e9ratives (GenG), l'article 43 du code de commerce (HGB) et l'article 130 de la loi sur les infractions administratives (OWiG). En outre, il existe de nombreuses lois sp\u00e9ciales (par exemple sur le droit du travail ou le droit de la concurrence) ainsi que des directives volontaires telles que le \u00ab Code de gouvernance d'entreprise pour les coop\u00e9ratives \u00bb. En fin de compte, tout cela conduit \u00e0 l'obligation g\u00e9n\u00e9rale de diligence et de l\u00e9galit\u00e9 de la direction.\r\n\r\nLe responsable de la conformit\u00e9 de SPORT 2000 International peut \u00eatre contact\u00e9 \u00e0 l'adresse e-mail suivante \r\n<a style=\"color: #d2091e;text-decoration: underline\" href=\"mailto:Compliance@anwr-group.com\">Compliance@anwr-group.com<\/a>\r\n\r\n<p style=\"color:#fff;\"><b>Les \u00e9l\u00e9ments cl\u00e9s du syst\u00e8me de gestion de la conformit\u00e9 de SPORT 2000 International, qui fait l'objet d'audits internes et externes r\u00e9guliers (le dernier en date \u00e9tant un audit externe d'efficacit\u00e9 conform\u00e9ment \u00e0 la norme IDW PS 980 telle que modifi\u00e9e en 2023), sont les suivants :<\/b><\/p><ul><li style=\"color:#fff;\">Code of Conduct<br><a href=\"\/wp-content\/downloads\/SP2KI_Code_of_Conduct-DE.pdf\" class=\"extern-link-container\" target=\"_blank\" rel=\"noopener noreferrer\"> <svg style=\"margin-right: 15px;\" xmlns=\"http:\/\/www.w3.org\/2000\/svg\" width=\"24.568\" height=\"24.568\" viewBox=\"0 0 24.568 24.568\"><path id=\"download_24dp_1F1F1F_FILL0_wght100_GRAD0_opsz24\" d=\"M224.284-729.39l-5.684-5.684.917-.917,4.125,4.125V-748h1.283v16.134l4.125-4.125.917.917Zm-9.534,5.959a2.671,2.671,0,0,1-1.971-.779,2.671,2.671,0,0,1-.779-1.971v-4.125h1.283v4.125a1.4,1.4,0,0,0,.458,1.008,1.4,1.4,0,0,0,1.008.458h19.068a1.4,1.4,0,0,0,1.008-.458,1.4,1.4,0,0,0,.458-1.008v-4.125h1.283v4.125a2.671,2.671,0,0,1-.779,1.971,2.671,2.671,0,0,1-1.971.779Z\" transform=\"translate(-212 748)\" fill=\"#fff\"\/><\/svg><span class=\"link-text\" style=\"color: #d2091e;text-decoration: underline;\">version allemande (PDF, 2,9MB)<\/span> <\/a><a href=\"\/wp-content\/downloads\/SP2KI_Code_of_Conduct_ENG.pdf\" class=\"extern-link-container\" target=\"_blank\" rel=\"noopener noreferrer\"><br><svg style=\"margin-right: 15px;\" xmlns=\"http:\/\/www.w3.org\/2000\/svg\" width=\"24.568\" height=\"24.568\" viewBox=\"0 0 24.568 24.568\"><path id=\"download_24dp_1F1F1F_FILL0_wght100_GRAD0_opsz24\" d=\"M224.284-729.39l-5.684-5.684.917-.917,4.125,4.125V-748h1.283v16.134l4.125-4.125.917.917Zm-9.534,5.959a2.671,2.671,0,0,1-1.971-.779,2.671,2.671,0,0,1-.779-1.971v-4.125h1.283v4.125a1.4,1.4,0,0,0,.458,1.008,1.4,1.4,0,0,0,1.008.458h19.068a1.4,1.4,0,0,0,1.008-.458,1.4,1.4,0,0,0,.458-1.008v-4.125h1.283v4.125a2.671,2.671,0,0,1-.779,1.971,2.671,2.671,0,0,1-1.971.779Z\" transform=\"translate(-212 748)\" fill=\"#fff\"\/><\/svg><span class=\"link-text\" style=\"color: #d2091e;text-decoration: underline;\">version anglaise (PDF, 3,5MB)<\/span> <\/a><\/li><li style=\"color:#fff;\">Directive de conformit\u00e9<\/li><li style=\"color:#fff;\">Directives relatives au droit antitrust et au droit de la concurrence<\/li><li style=\"color:#fff;\">Instructions de travail \u00ab Avantages \u00bb<\/li><li style=\"color:#fff;\">Lien vers le syst\u00e8me d'alerte Integrity Line <a href=\"https:\/\/anwrgroup.integrityline.app\/\" class=\" extern-link-container\" target=\"_blank\" rel=\"noopener noreferrer\"> <span class=\"icon-font-moon icon-font-moon-globe\"><\/span> <span class=\"link-text\" style=\"color: #d2091e;text-decoration: underline\">Integrity Line<\/span> <\/a><\/li><\/ul>"}]},"yoast_head":"<!-- This site is optimized with the Yoast SEO plugin v25.0 - https:\/\/yoast.com\/wordpress\/plugins\/seo\/ -->\n<title>Conformit\u00e9 - sport2000<\/title>\n<meta name=\"robots\" content=\"index, follow, max-snippet:-1, max-image-preview:large, max-video-preview:-1\" \/>\n<link rel=\"canonical\" href=\"https:\/\/www.sport2000international.com\/fr\/a-propos-de-nous\/conformite\/\" \/>\n<meta property=\"og:locale\" content=\"fr_FR\" \/>\n<meta property=\"og:type\" content=\"article\" \/>\n<meta property=\"og:title\" content=\"Conformit\u00e9 - sport2000\" \/>\n<meta property=\"og:url\" content=\"https:\/\/www.sport2000international.com\/fr\/a-propos-de-nous\/conformite\/\" \/>\n<meta property=\"og:site_name\" content=\"sport2000\" \/>\n<meta property=\"article:modified_time\" content=\"2025-06-16T08:57:40+00:00\" \/>\n<meta name=\"twitter:card\" content=\"summary_large_image\" \/>\n<script type=\"application\/ld+json\" class=\"yoast-schema-graph\">{\"@context\":\"https:\/\/schema.org\",\"@graph\":[{\"@type\":\"WebPage\",\"@id\":\"https:\/\/www.sport2000international.com\/fr\/a-propos-de-nous\/conformite\/\",\"url\":\"https:\/\/www.sport2000international.com\/fr\/a-propos-de-nous\/conformite\/\",\"name\":\"Conformit\u00e9 - sport2000\",\"isPartOf\":{\"@id\":\"https:\/\/www.sport2000international.com\/fr\/#website\"},\"datePublished\":\"2025-05-28T11:22:56+00:00\",\"dateModified\":\"2025-06-16T08:57:40+00:00\",\"breadcrumb\":{\"@id\":\"https:\/\/www.sport2000international.com\/fr\/a-propos-de-nous\/conformite\/#breadcrumb\"},\"inLanguage\":\"fr-FR\",\"potentialAction\":[{\"@type\":\"ReadAction\",\"target\":[\"https:\/\/www.sport2000international.com\/fr\/a-propos-de-nous\/conformite\/\"]}]},{\"@type\":\"BreadcrumbList\",\"@id\":\"https:\/\/www.sport2000international.com\/fr\/a-propos-de-nous\/conformite\/#breadcrumb\",\"itemListElement\":[{\"@type\":\"ListItem\",\"position\":1,\"name\":\"Home\",\"item\":\"https:\/\/www.sport2000international.com\/fr\/\"},{\"@type\":\"ListItem\",\"position\":2,\"name\":\"A propos de nous\",\"item\":\"https:\/\/www.sport2000international.com\/fr\/a-propos-de-nous\/\"},{\"@type\":\"ListItem\",\"position\":3,\"name\":\"Conformit\u00e9\"}]},{\"@type\":\"WebSite\",\"@id\":\"https:\/\/www.sport2000international.com\/fr\/#website\",\"url\":\"https:\/\/www.sport2000international.com\/fr\/\",\"name\":\"sport2000\",\"description\":\"SiteClaim\",\"potentialAction\":[{\"@type\":\"SearchAction\",\"target\":{\"@type\":\"EntryPoint\",\"urlTemplate\":\"https:\/\/www.sport2000international.com\/fr\/?s={search_term_string}\"},\"query-input\":{\"@type\":\"PropertyValueSpecification\",\"valueRequired\":true,\"valueName\":\"search_term_string\"}}],\"inLanguage\":\"fr-FR\"}]}<\/script>\n<!-- \/ Yoast SEO plugin. -->","yoast_head_json":{"title":"Conformit\u00e9 - sport2000","robots":{"index":"index","follow":"follow","max-snippet":"max-snippet:-1","max-image-preview":"max-image-preview:large","max-video-preview":"max-video-preview:-1"},"canonical":"https:\/\/www.sport2000international.com\/fr\/a-propos-de-nous\/conformite\/","og_locale":"fr_FR","og_type":"article","og_title":"Conformit\u00e9 - sport2000","og_url":"https:\/\/www.sport2000international.com\/fr\/a-propos-de-nous\/conformite\/","og_site_name":"sport2000","article_modified_time":"2025-06-16T08:57:40+00:00","twitter_card":"summary_large_image","schema":{"@context":"https:\/\/schema.org","@graph":[{"@type":"WebPage","@id":"https:\/\/www.sport2000international.com\/fr\/a-propos-de-nous\/conformite\/","url":"https:\/\/www.sport2000international.com\/fr\/a-propos-de-nous\/conformite\/","name":"Conformit\u00e9 - sport2000","isPartOf":{"@id":"https:\/\/www.sport2000international.com\/fr\/#website"},"datePublished":"2025-05-28T11:22:56+00:00","dateModified":"2025-06-16T08:57:40+00:00","breadcrumb":{"@id":"https:\/\/www.sport2000international.com\/fr\/a-propos-de-nous\/conformite\/#breadcrumb"},"inLanguage":"fr-FR","potentialAction":[{"@type":"ReadAction","target":["https:\/\/www.sport2000international.com\/fr\/a-propos-de-nous\/conformite\/"]}]},{"@type":"BreadcrumbList","@id":"https:\/\/www.sport2000international.com\/fr\/a-propos-de-nous\/conformite\/#breadcrumb","itemListElement":[{"@type":"ListItem","position":1,"name":"Home","item":"https:\/\/www.sport2000international.com\/fr\/"},{"@type":"ListItem","position":2,"name":"A propos de nous","item":"https:\/\/www.sport2000international.com\/fr\/a-propos-de-nous\/"},{"@type":"ListItem","position":3,"name":"Conformit\u00e9"}]},{"@type":"WebSite","@id":"https:\/\/www.sport2000international.com\/fr\/#website","url":"https:\/\/www.sport2000international.com\/fr\/","name":"sport2000","description":"SiteClaim","potentialAction":[{"@type":"SearchAction","target":{"@type":"EntryPoint","urlTemplate":"https:\/\/www.sport2000international.com\/fr\/?s={search_term_string}"},"query-input":{"@type":"PropertyValueSpecification","valueRequired":true,"valueName":"search_term_string"}}],"inLanguage":"fr-FR"}]}},"_links":{"self":[{"href":"https:\/\/www.sport2000international.com\/fr\/wp-json\/wp\/v2\/pages\/4640","targetHints":{"allow":["GET"]}}],"collection":[{"href":"https:\/\/www.sport2000international.com\/fr\/wp-json\/wp\/v2\/pages"}],"about":[{"href":"https:\/\/www.sport2000international.com\/fr\/wp-json\/wp\/v2\/types\/page"}],"author":[{"embeddable":true,"href":"https:\/\/www.sport2000international.com\/fr\/wp-json\/wp\/v2\/users\/1"}],"replies":[{"embeddable":true,"href":"https:\/\/www.sport2000international.com\/fr\/wp-json\/wp\/v2\/comments?post=4640"}],"version-history":[{"count":5,"href":"https:\/\/www.sport2000international.com\/fr\/wp-json\/wp\/v2\/pages\/4640\/revisions"}],"predecessor-version":[{"id":4818,"href":"https:\/\/www.sport2000international.com\/fr\/wp-json\/wp\/v2\/pages\/4640\/revisions\/4818"}],"up":[{"embeddable":true,"href":"https:\/\/www.sport2000international.com\/fr\/wp-json\/wp\/v2\/pages\/3576"}],"wp:attachment":[{"href":"https:\/\/www.sport2000international.com\/fr\/wp-json\/wp\/v2\/media?parent=4640"}],"curies":[{"name":"wp","href":"https:\/\/api.w.org\/{rel}","templated":true}]}}