{"id":4693,"date":"2025-06-02T09:27:12","date_gmt":"2025-06-02T07:27:12","guid":{"rendered":"https:\/\/sport2000.wp.factory.blim-dev.com\/?page_id=4693"},"modified":"2025-06-02T15:47:30","modified_gmt":"2025-06-02T13:47:30","slug":"sport-2000-i-am-home","status":"publish","type":"page","link":"https:\/\/www.sport2000international.com\/fr\/campagnes\/sport-2000-i-am-home\/","title":{"rendered":"Sport 2000 &#8211; I Am Home"},"content":{"rendered":"","protected":false},"excerpt":{"rendered":"","protected":false},"author":1,"featured_media":0,"parent":3563,"menu_order":0,"comment_status":"closed","ping_status":"closed","template":"","meta":{"_acf_changed":false,"footnotes":""},"class_list":["post-4693","page","type-page","status-publish","hentry"],"acf":{"contents":[{"acf_fc_layout":"page_header","headline":"SPORT 2000","subline":"I Am Home","place_special_wallpaper":false,"special_wallpaper":null,"headline_stroke_width":"medium"},{"acf_fc_layout":"campaign_backlink"},{"acf_fc_layout":"campaign_infoline","headlineclaim":"SPORT 2000","subline":"I Am Home"},{"acf_fc_layout":"campaign_slider","slider_elements":[{"thumbnail":4696,"full-size":4696},{"thumbnail":4699,"full-size":4699},{"thumbnail":4702,"full-size":4702},{"thumbnail":4705,"full-size":4705},{"thumbnail":4708,"full-size":4708},{"thumbnail":4711,"full-size":4711},{"thumbnail":4714,"full-size":4714}]},{"acf_fc_layout":"campaign_content","text":"Il s'agit de l'\u00e9volution du concept \u00ab Welcome Home \u00bb de, qui s'inscrit d\u00e9sormais dans la perspective du sport, mais qui peut \u00e9galement \u00eatre interpr\u00e9t\u00e9 du point de vue du consommateur. I Am Home a pour but d'exprimer le sentiment d'\u00eatre chez soi dans son sport et tout le confort que le sport peut offrir et que l'on peut relier \u00e9troitement \u00e0 la maison."},{"acf_fc_layout":"content_videobox","headline":"SPORT 2000","subline":"I Am Home","subline_2":"","video_url":"https:\/\/player.vimeo.com\/video\/1089705442?h=01462f3dea&amp;badge=0&amp;autopause=0&amp;player_id=0&amp;app_id=58479"},{"acf_fc_layout":"campaign_navigation"}]},"yoast_head":"<!-- This site is optimized with the Yoast SEO plugin v25.0 - https:\/\/yoast.com\/wordpress\/plugins\/seo\/ -->\n<title>Sport 2000 - I Am Home - sport2000<\/title>\n<meta name=\"robots\" content=\"index, follow, max-snippet:-1, max-image-preview:large, max-video-preview:-1\" \/>\n<link rel=\"canonical\" href=\"https:\/\/www.sport2000international.com\/fr\/campagnes\/sport-2000-i-am-home\/\" \/>\n<meta property=\"og:locale\" content=\"fr_FR\" \/>\n<meta property=\"og:type\" content=\"article\" \/>\n<meta property=\"og:title\" content=\"Sport 2000 - I Am Home - sport2000\" \/>\n<meta property=\"og:url\" content=\"https:\/\/www.sport2000international.com\/fr\/campagnes\/sport-2000-i-am-home\/\" \/>\n<meta property=\"og:site_name\" content=\"sport2000\" \/>\n<meta property=\"article:modified_time\" content=\"2025-06-02T13:47:30+00:00\" \/>\n<meta name=\"twitter:card\" content=\"summary_large_image\" \/>\n<script type=\"application\/ld+json\" class=\"yoast-schema-graph\">{\"@context\":\"https:\/\/schema.org\",\"@graph\":[{\"@type\":\"WebPage\",\"@id\":\"https:\/\/www.sport2000international.com\/fr\/campagnes\/sport-2000-i-am-home\/\",\"url\":\"https:\/\/www.sport2000international.com\/fr\/campagnes\/sport-2000-i-am-home\/\",\"name\":\"Sport 2000 - I Am Home - sport2000\",\"isPartOf\":{\"@id\":\"https:\/\/www.sport2000international.com\/fr\/#website\"},\"datePublished\":\"2025-06-02T07:27:12+00:00\",\"dateModified\":\"2025-06-02T13:47:30+00:00\",\"breadcrumb\":{\"@id\":\"https:\/\/www.sport2000international.com\/fr\/campagnes\/sport-2000-i-am-home\/#breadcrumb\"},\"inLanguage\":\"fr-FR\",\"potentialAction\":[{\"@type\":\"ReadAction\",\"target\":[\"https:\/\/www.sport2000international.com\/fr\/campagnes\/sport-2000-i-am-home\/\"]}]},{\"@type\":\"BreadcrumbList\",\"@id\":\"https:\/\/www.sport2000international.com\/fr\/campagnes\/sport-2000-i-am-home\/#breadcrumb\",\"itemListElement\":[{\"@type\":\"ListItem\",\"position\":1,\"name\":\"Home\",\"item\":\"https:\/\/www.sport2000international.com\/fr\/\"},{\"@type\":\"ListItem\",\"position\":2,\"name\":\"Campagnes\",\"item\":\"https:\/\/www.sport2000international.com\/fr\/campagnes\/\"},{\"@type\":\"ListItem\",\"position\":3,\"name\":\"Sport 2000 &#8211; I Am Home\"}]},{\"@type\":\"WebSite\",\"@id\":\"https:\/\/www.sport2000international.com\/fr\/#website\",\"url\":\"https:\/\/www.sport2000international.com\/fr\/\",\"name\":\"sport2000\",\"description\":\"SiteClaim\",\"potentialAction\":[{\"@type\":\"SearchAction\",\"target\":{\"@type\":\"EntryPoint\",\"urlTemplate\":\"https:\/\/www.sport2000international.com\/fr\/?s={search_term_string}\"},\"query-input\":{\"@type\":\"PropertyValueSpecification\",\"valueRequired\":true,\"valueName\":\"search_term_string\"}}],\"inLanguage\":\"fr-FR\"}]}<\/script>\n<!-- \/ Yoast SEO plugin. -->","yoast_head_json":{"title":"Sport 2000 - I Am Home - sport2000","robots":{"index":"index","follow":"follow","max-snippet":"max-snippet:-1","max-image-preview":"max-image-preview:large","max-video-preview":"max-video-preview:-1"},"canonical":"https:\/\/www.sport2000international.com\/fr\/campagnes\/sport-2000-i-am-home\/","og_locale":"fr_FR","og_type":"article","og_title":"Sport 2000 - I Am Home - sport2000","og_url":"https:\/\/www.sport2000international.com\/fr\/campagnes\/sport-2000-i-am-home\/","og_site_name":"sport2000","article_modified_time":"2025-06-02T13:47:30+00:00","twitter_card":"summary_large_image","schema":{"@context":"https:\/\/schema.org","@graph":[{"@type":"WebPage","@id":"https:\/\/www.sport2000international.com\/fr\/campagnes\/sport-2000-i-am-home\/","url":"https:\/\/www.sport2000international.com\/fr\/campagnes\/sport-2000-i-am-home\/","name":"Sport 2000 - I Am Home - sport2000","isPartOf":{"@id":"https:\/\/www.sport2000international.com\/fr\/#website"},"datePublished":"2025-06-02T07:27:12+00:00","dateModified":"2025-06-02T13:47:30+00:00","breadcrumb":{"@id":"https:\/\/www.sport2000international.com\/fr\/campagnes\/sport-2000-i-am-home\/#breadcrumb"},"inLanguage":"fr-FR","potentialAction":[{"@type":"ReadAction","target":["https:\/\/www.sport2000international.com\/fr\/campagnes\/sport-2000-i-am-home\/"]}]},{"@type":"BreadcrumbList","@id":"https:\/\/www.sport2000international.com\/fr\/campagnes\/sport-2000-i-am-home\/#breadcrumb","itemListElement":[{"@type":"ListItem","position":1,"name":"Home","item":"https:\/\/www.sport2000international.com\/fr\/"},{"@type":"ListItem","position":2,"name":"Campagnes","item":"https:\/\/www.sport2000international.com\/fr\/campagnes\/"},{"@type":"ListItem","position":3,"name":"Sport 2000 &#8211; I Am Home"}]},{"@type":"WebSite","@id":"https:\/\/www.sport2000international.com\/fr\/#website","url":"https:\/\/www.sport2000international.com\/fr\/","name":"sport2000","description":"SiteClaim","potentialAction":[{"@type":"SearchAction","target":{"@type":"EntryPoint","urlTemplate":"https:\/\/www.sport2000international.com\/fr\/?s={search_term_string}"},"query-input":{"@type":"PropertyValueSpecification","valueRequired":true,"valueName":"search_term_string"}}],"inLanguage":"fr-FR"}]}},"_links":{"self":[{"href":"https:\/\/www.sport2000international.com\/fr\/wp-json\/wp\/v2\/pages\/4693","targetHints":{"allow":["GET"]}}],"collection":[{"href":"https:\/\/www.sport2000international.com\/fr\/wp-json\/wp\/v2\/pages"}],"about":[{"href":"https:\/\/www.sport2000international.com\/fr\/wp-json\/wp\/v2\/types\/page"}],"author":[{"embeddable":true,"href":"https:\/\/www.sport2000international.com\/fr\/wp-json\/wp\/v2\/users\/1"}],"replies":[{"embeddable":true,"href":"https:\/\/www.sport2000international.com\/fr\/wp-json\/wp\/v2\/comments?post=4693"}],"version-history":[{"count":2,"href":"https:\/\/www.sport2000international.com\/fr\/wp-json\/wp\/v2\/pages\/4693\/revisions"}],"predecessor-version":[{"id":4789,"href":"https:\/\/www.sport2000international.com\/fr\/wp-json\/wp\/v2\/pages\/4693\/revisions\/4789"}],"up":[{"embeddable":true,"href":"https:\/\/www.sport2000international.com\/fr\/wp-json\/wp\/v2\/pages\/3563"}],"wp:attachment":[{"href":"https:\/\/www.sport2000international.com\/fr\/wp-json\/wp\/v2\/media?parent=4693"}],"curies":[{"name":"wp","href":"https:\/\/api.w.org\/{rel}","templated":true}]}}