{"id":4728,"date":"2025-06-02T09:24:10","date_gmt":"2025-06-02T07:24:10","guid":{"rendered":"https:\/\/sport2000.wp.factory.blim-dev.com\/?page_id=4728"},"modified":"2025-06-02T15:43:04","modified_gmt":"2025-06-02T13:43:04","slug":"sport-2000-we-know-sport","status":"publish","type":"page","link":"https:\/\/www.sport2000international.com\/fr\/campagnes\/sport-2000-we-know-sport\/","title":{"rendered":"Sport 2000 &#8211; We Know Sport"},"content":{"rendered":"","protected":false},"excerpt":{"rendered":"","protected":false},"author":1,"featured_media":0,"parent":3563,"menu_order":0,"comment_status":"closed","ping_status":"closed","template":"","meta":{"_acf_changed":false,"footnotes":""},"class_list":["post-4728","page","type-page","status-publish","hentry"],"acf":{"contents":[{"acf_fc_layout":"page_header","headline":"SPORT 2000","subline":" We Know Sport","place_special_wallpaper":false,"special_wallpaper":null,"headline_stroke_width":"medium"},{"acf_fc_layout":"campaign_backlink"},{"acf_fc_layout":"campaign_infoline","headlineclaim":"SPORT 2000","subline":" We Know Sport"},{"acf_fc_layout":"campaign_slider","slider_elements":[{"thumbnail":4730,"full-size":4730},{"thumbnail":4733,"full-size":4733},{"thumbnail":4736,"full-size":4736},{"thumbnail":4739,"full-size":4739}]},{"acf_fc_layout":"campaign_content","text":"Voici WE KNOWSPORT - une c\u00e9l\u00e9bration de notre expertise et de notre passion pour tout ce qui touche au sport.\r\nCette campagne existe parce que, \u00e0 SPORT2000, nous ne nous contentons pas de nous engager dans le monde du sport - nous le connaissons de l'int\u00e9rieur et de l'ext\u00e9rieur.\r\nNous sommes Home Of Experts, dot\u00e9s des connaissances, de l'exp\u00e9rience et du d\u00e9vouement n\u00e9cessaires pour vous aider \u00e0 atteindre votre apog\u00e9e.\r\nDe l'\u00e9quipement dont vous avez besoin aux objectifs que vous vous fixez, nous savons ce qu'il faut faire pour y parvenir.\r\nLes connaissances approfondies de notre \u00e9quipe en mati\u00e8re de sport sont \u00e0 la base de tout ce que nous faisons , pour que vous ayez exactement ce dont vous avez besoin pour r\u00e9ussir dans votre sport.\r\nWE KNOW SPORT parce que nous le vivons et le respirons - chaque jour."},{"acf_fc_layout":"content_videobox","headline":" SPORT 2000","subline":" We Know Sport","subline_2":"","video_url":"https:\/\/player.vimeo.com\/video\/1089705296?h=01f44cfd4a&amp;badge=0&amp;autopause=0&amp;player_id=0&amp;app_id=58479"},{"acf_fc_layout":"campaign_navigation"}]},"yoast_head":"<!-- This site is optimized with the Yoast SEO plugin v25.0 - https:\/\/yoast.com\/wordpress\/plugins\/seo\/ -->\n<title>Sport 2000 - We Know Sport - sport2000<\/title>\n<meta name=\"robots\" content=\"index, follow, max-snippet:-1, max-image-preview:large, max-video-preview:-1\" \/>\n<link rel=\"canonical\" href=\"https:\/\/www.sport2000international.com\/fr\/campagnes\/sport-2000-we-know-sport\/\" \/>\n<meta property=\"og:locale\" content=\"fr_FR\" \/>\n<meta property=\"og:type\" content=\"article\" \/>\n<meta property=\"og:title\" content=\"Sport 2000 - We Know Sport - sport2000\" \/>\n<meta property=\"og:url\" content=\"https:\/\/www.sport2000international.com\/fr\/campagnes\/sport-2000-we-know-sport\/\" \/>\n<meta property=\"og:site_name\" content=\"sport2000\" \/>\n<meta property=\"article:modified_time\" content=\"2025-06-02T13:43:04+00:00\" \/>\n<meta name=\"twitter:card\" content=\"summary_large_image\" \/>\n<script type=\"application\/ld+json\" class=\"yoast-schema-graph\">{\"@context\":\"https:\/\/schema.org\",\"@graph\":[{\"@type\":\"WebPage\",\"@id\":\"https:\/\/www.sport2000international.com\/fr\/campagnes\/sport-2000-we-know-sport\/\",\"url\":\"https:\/\/www.sport2000international.com\/fr\/campagnes\/sport-2000-we-know-sport\/\",\"name\":\"Sport 2000 - We Know Sport - sport2000\",\"isPartOf\":{\"@id\":\"https:\/\/www.sport2000international.com\/fr\/#website\"},\"datePublished\":\"2025-06-02T07:24:10+00:00\",\"dateModified\":\"2025-06-02T13:43:04+00:00\",\"breadcrumb\":{\"@id\":\"https:\/\/www.sport2000international.com\/fr\/campagnes\/sport-2000-we-know-sport\/#breadcrumb\"},\"inLanguage\":\"fr-FR\",\"potentialAction\":[{\"@type\":\"ReadAction\",\"target\":[\"https:\/\/www.sport2000international.com\/fr\/campagnes\/sport-2000-we-know-sport\/\"]}]},{\"@type\":\"BreadcrumbList\",\"@id\":\"https:\/\/www.sport2000international.com\/fr\/campagnes\/sport-2000-we-know-sport\/#breadcrumb\",\"itemListElement\":[{\"@type\":\"ListItem\",\"position\":1,\"name\":\"Home\",\"item\":\"https:\/\/www.sport2000international.com\/fr\/\"},{\"@type\":\"ListItem\",\"position\":2,\"name\":\"Campagnes\",\"item\":\"https:\/\/www.sport2000international.com\/fr\/campagnes\/\"},{\"@type\":\"ListItem\",\"position\":3,\"name\":\"Sport 2000 &#8211; We Know Sport\"}]},{\"@type\":\"WebSite\",\"@id\":\"https:\/\/www.sport2000international.com\/fr\/#website\",\"url\":\"https:\/\/www.sport2000international.com\/fr\/\",\"name\":\"sport2000\",\"description\":\"SiteClaim\",\"potentialAction\":[{\"@type\":\"SearchAction\",\"target\":{\"@type\":\"EntryPoint\",\"urlTemplate\":\"https:\/\/www.sport2000international.com\/fr\/?s={search_term_string}\"},\"query-input\":{\"@type\":\"PropertyValueSpecification\",\"valueRequired\":true,\"valueName\":\"search_term_string\"}}],\"inLanguage\":\"fr-FR\"}]}<\/script>\n<!-- \/ Yoast SEO plugin. -->","yoast_head_json":{"title":"Sport 2000 - We Know Sport - sport2000","robots":{"index":"index","follow":"follow","max-snippet":"max-snippet:-1","max-image-preview":"max-image-preview:large","max-video-preview":"max-video-preview:-1"},"canonical":"https:\/\/www.sport2000international.com\/fr\/campagnes\/sport-2000-we-know-sport\/","og_locale":"fr_FR","og_type":"article","og_title":"Sport 2000 - We Know Sport - sport2000","og_url":"https:\/\/www.sport2000international.com\/fr\/campagnes\/sport-2000-we-know-sport\/","og_site_name":"sport2000","article_modified_time":"2025-06-02T13:43:04+00:00","twitter_card":"summary_large_image","schema":{"@context":"https:\/\/schema.org","@graph":[{"@type":"WebPage","@id":"https:\/\/www.sport2000international.com\/fr\/campagnes\/sport-2000-we-know-sport\/","url":"https:\/\/www.sport2000international.com\/fr\/campagnes\/sport-2000-we-know-sport\/","name":"Sport 2000 - We Know Sport - sport2000","isPartOf":{"@id":"https:\/\/www.sport2000international.com\/fr\/#website"},"datePublished":"2025-06-02T07:24:10+00:00","dateModified":"2025-06-02T13:43:04+00:00","breadcrumb":{"@id":"https:\/\/www.sport2000international.com\/fr\/campagnes\/sport-2000-we-know-sport\/#breadcrumb"},"inLanguage":"fr-FR","potentialAction":[{"@type":"ReadAction","target":["https:\/\/www.sport2000international.com\/fr\/campagnes\/sport-2000-we-know-sport\/"]}]},{"@type":"BreadcrumbList","@id":"https:\/\/www.sport2000international.com\/fr\/campagnes\/sport-2000-we-know-sport\/#breadcrumb","itemListElement":[{"@type":"ListItem","position":1,"name":"Home","item":"https:\/\/www.sport2000international.com\/fr\/"},{"@type":"ListItem","position":2,"name":"Campagnes","item":"https:\/\/www.sport2000international.com\/fr\/campagnes\/"},{"@type":"ListItem","position":3,"name":"Sport 2000 &#8211; We Know Sport"}]},{"@type":"WebSite","@id":"https:\/\/www.sport2000international.com\/fr\/#website","url":"https:\/\/www.sport2000international.com\/fr\/","name":"sport2000","description":"SiteClaim","potentialAction":[{"@type":"SearchAction","target":{"@type":"EntryPoint","urlTemplate":"https:\/\/www.sport2000international.com\/fr\/?s={search_term_string}"},"query-input":{"@type":"PropertyValueSpecification","valueRequired":true,"valueName":"search_term_string"}}],"inLanguage":"fr-FR"}]}},"_links":{"self":[{"href":"https:\/\/www.sport2000international.com\/fr\/wp-json\/wp\/v2\/pages\/4728","targetHints":{"allow":["GET"]}}],"collection":[{"href":"https:\/\/www.sport2000international.com\/fr\/wp-json\/wp\/v2\/pages"}],"about":[{"href":"https:\/\/www.sport2000international.com\/fr\/wp-json\/wp\/v2\/types\/page"}],"author":[{"embeddable":true,"href":"https:\/\/www.sport2000international.com\/fr\/wp-json\/wp\/v2\/users\/1"}],"replies":[{"embeddable":true,"href":"https:\/\/www.sport2000international.com\/fr\/wp-json\/wp\/v2\/comments?post=4728"}],"version-history":[{"count":2,"href":"https:\/\/www.sport2000international.com\/fr\/wp-json\/wp\/v2\/pages\/4728\/revisions"}],"predecessor-version":[{"id":4785,"href":"https:\/\/www.sport2000international.com\/fr\/wp-json\/wp\/v2\/pages\/4728\/revisions\/4785"}],"up":[{"embeddable":true,"href":"https:\/\/www.sport2000international.com\/fr\/wp-json\/wp\/v2\/pages\/3563"}],"wp:attachment":[{"href":"https:\/\/www.sport2000international.com\/fr\/wp-json\/wp\/v2\/media?parent=4728"}],"curies":[{"name":"wp","href":"https:\/\/api.w.org\/{rel}","templated":true}]}}